{"id":2005,"date":"2026-02-16T07:29:34","date_gmt":"2026-02-16T07:29:34","guid":{"rendered":"https:\/\/signo.cat\/equipacionesdeportivas\/?page_id=2005"},"modified":"2026-04-14T10:10:34","modified_gmt":"2026-04-14T10:10:34","slug":"login","status":"publish","type":"page","link":"https:\/\/signo.cat\/equipaciones-deportivas\/login\/","title":{"rendered":"Login"},"content":{"rendered":"\t\t<div data-elementor-type=\"wp-page\" data-elementor-id=\"2005\" class=\"elementor elementor-2005\" data-elementor-post-type=\"page\">\n\t\t\t\t\t\t<section class=\"elementor-section elementor-top-section elementor-element elementor-element-b573151 elementor-section-boxed elementor-section-height-default elementor-section-height-default\" data-id=\"b573151\" data-element_type=\"section\" data-e-type=\"section\">\n\t\t\t\t\t\t<div class=\"elementor-container elementor-column-gap-default\">\n\t\t\t\t\t<div class=\"elementor-column elementor-col-100 elementor-top-column elementor-element elementor-element-dd41ce9\" data-id=\"dd41ce9\" data-element_type=\"column\" data-e-type=\"column\">\n\t\t\t<div class=\"elementor-widget-wrap elementor-element-populated\">\n\t\t\t\t\t\t<div class=\"elementor-element elementor-element-9f96871 elementor-widget elementor-widget-heading\" data-id=\"9f96871\" data-element_type=\"widget\" data-e-type=\"widget\" data-widget_type=\"heading.default\">\n\t\t\t\t<div class=\"elementor-widget-container\">\n\t\t\t\t\t<p class=\"elementor-heading-title elementor-size-default\">Para comprar tu equipaci\u00f3n c\u00f3modamente, introduce tu usuario y contrase\u00f1a.<\/p>\t\t\t\t<\/div>\n\t\t\t\t<\/div>\n\t\t\t\t<div class=\"elementor-element elementor-element-b34de86 elementor-widget elementor-widget-heading\" data-id=\"b34de86\" data-element_type=\"widget\" data-e-type=\"widget\" data-widget_type=\"heading.default\">\n\t\t\t\t<div class=\"elementor-widget-container\">\n\t\t\t\t\t<p class=\"elementor-heading-title elementor-size-default\">Tambi\u00e9n puedes registrarte desde <a href=\"https:\/\/signo.cat\/equipaciones-deportivas\/acceso\/\" style=\"color:red\">aqu\u00ed<\/a> si no tienes una cuenta creada.<\/p>\t\t\t\t<\/div>\n\t\t\t\t<\/div>\n\t\t\t\t<div class=\"elementor-element elementor-element-80f3f38 elementor-widget elementor-widget-html\" data-id=\"80f3f38\" data-element_type=\"widget\" data-e-type=\"widget\" data-widget_type=\"html.default\">\n\t\t\t\t<div class=\"elementor-widget-container\">\n\t\t\t\t\t<script>\r\ndocument.addEventListener(\"DOMContentLoaded\", function() {\r\n  const passwordField = document.getElementById(\"rcp_user_pass\");\r\n  if (!passwordField) return;\r\n\r\n  if (passwordField.parentNode.classList.contains(\"rcp-password-wrap\")) return;\r\n\r\n  const wrapper = document.createElement(\"div\");\r\n  wrapper.className = \"rcp-password-wrap\";\r\n\r\n  passwordField.parentNode.insertBefore(wrapper, passwordField);\r\n  wrapper.appendChild(passwordField);\r\n\r\n  const toggle = document.createElement(\"button\");\r\n  toggle.type = \"button\";\r\n  toggle.className = \"rcp-toggle-password\";\r\n  toggle.setAttribute(\"aria-label\", \"Mostrar contrase\u00f1a\");\r\n\r\n  \/\/ ICONO OJO (visible)\r\n  const eye = `\r\n  <svg xmlns=\"http:\/\/www.w3.org\/2000\/svg\" width=\"20\" height=\"20\" fill=\"none\" stroke=\"currentColor\" stroke-width=\"2\">\r\n    <path d=\"M1 10s4-6 9-6 9 6 9 6-4 6-9 6-9-6-9-6z\"\/>\r\n    <circle cx=\"12\" cy=\"10\" r=\"3\"\/>\r\n  <\/svg>`;\r\n\r\n  \/\/ ICONO OJO TACHADO (oculto)\r\n  const eyeOff = `\r\n  <svg xmlns=\"http:\/\/www.w3.org\/2000\/svg\" width=\"20\" height=\"20\" fill=\"none\" stroke=\"currentColor\" stroke-width=\"2\">\r\n    <path d=\"M17.94 17.94A10.94 10.94 0 0 1 12 19c-5 0-9-6-9-6a21.77 21.77 0 0 1 5.06-5.94M1 1l22 22\"\/>\r\n    <path d=\"M9.9 4.24A9.12 9.12 0 0 1 12 4c5 0 9 6 9 6a21.77 21.77 0 0 1-2.16 3.19M14.12 14.12A3 3 0 0 1 9.88 9.88\"\/>\r\n  <\/svg>`;\r\n\r\n  toggle.innerHTML = eye;\r\n  wrapper.appendChild(toggle);\r\n\r\n  toggle.addEventListener(\"click\", function() {\r\n    const isHidden = passwordField.type === \"password\";\r\n    passwordField.type = isHidden ? \"text\" : \"password\";\r\n    toggle.innerHTML = isHidden ? eyeOff : eye;\r\n  });\r\n});\r\n<\/script>\t\t\t\t<\/div>\n\t\t\t\t<\/div>\n\t\t\t\t<div class=\"elementor-element elementor-element-84e1820 elementor-widget elementor-widget-shortcode\" data-id=\"84e1820\" data-element_type=\"widget\" data-e-type=\"widget\" data-widget_type=\"shortcode.default\">\n\t\t\t\t<div class=\"elementor-widget-container\">\n\t\t\t\t\t\t\t<div class=\"elementor-shortcode\">\n\n\t\n\t<form id=\"rcp_login_form\"  class=\"rcp_form\" method=\"POST\" action=\"https:\/\/signo.cat\/equipaciones-deportivas\/wp-json\/wp\/v2\/pages\/2005\/\">\n\n\t\t\n\t\t<fieldset class=\"rcp_login_data\">\n\t\t\t<p>\n\t\t\t\t<label for=\"rcp_user_login\">Usuario o correo electr\u00f3nico:<\/label>\n\t\t\t\t<input name=\"rcp_user_login\" id=\"rcp_user_login\" class=\"required\" type=\"text\"\/>\n\t\t\t<\/p>\n\t\t\t<p>\n\t\t\t\t<label for=\"rcp_user_pass\">Contrase\u00f1a<\/label>\n\t\t\t\t<input name=\"rcp_user_pass\" id=\"rcp_user_pass\" class=\"required\" type=\"password\"\/>\n\t\t\t<\/p>\n\t\t\t\t\t\t<p>\n\t\t\t\t<input type=\"checkbox\" name=\"rcp_user_remember\" id=\"rcp_user_remember\" value=\"1\"\/>\n\t\t\t\t<label for=\"rcp_user_remember\">Recu\u00e9rdame<\/label>\n\t\t\t<\/p>\n\t\t\t<p class=\"rcp_lost_password\"><a href=\"\/equipaciones-deportivas\/wp-json\/wp\/v2\/pages\/2005?rcp_action=lostpassword\">\u00bfHas perdido tu contrase\u00f1a?<\/a><\/p>\n\t\t\t<p>\n\t\t\t\t<input type=\"hidden\" name=\"rcp_action\" value=\"login\"\/>\n\t\t\t\t\t\t\t\t\t<input type=\"hidden\" name=\"rcp_redirect\" value=\"https:\/\/signo.cat\/equipaciones-deportivas\/wp-json\/wp\/v2\/pages\/2005\/\"\/>\n\t\t\t\t\t\t\t\t<input type=\"hidden\" name=\"rcp_login_nonce\" value=\"45f8107863\"\/>\n\t\t\t\t<input id=\"rcp_login_submit\" class=\"rcp-button\" type=\"submit\" value=\"Login\"\/>\n\t\t\t<\/p>\n\t\t\t\t\t<\/fieldset>\n\n\t\t\n\t<\/form>\n <\/div>\n\t\t\t\t\t\t<\/div>\n\t\t\t\t<\/div>\n\t\t\t\t\t<\/div>\n\t\t<\/div>\n\t\t\t\t\t<\/div>\n\t\t<\/section>\n\t\t\t\t<section class=\"elementor-section elementor-top-section elementor-element elementor-element-9e4d0e0 elementor-section-full_width elementor-section-height-default elementor-section-height-default elementor-invisible\" data-id=\"9e4d0e0\" data-element_type=\"section\" data-e-type=\"section\" data-settings=\"{&quot;animation&quot;:&quot;fadeIn&quot;}\">\n\t\t\t\t\t\t<div class=\"elementor-container elementor-column-gap-default\">\n\t\t\t\t\t<div class=\"elementor-column elementor-col-100 elementor-top-column elementor-element elementor-element-19359c1\" data-id=\"19359c1\" data-element_type=\"column\" data-e-type=\"column\">\n\t\t\t<div class=\"elementor-widget-wrap elementor-element-populated\">\n\t\t\t\t\t\t\t<\/div>\n\t\t<\/div>\n\t\t\t\t\t<\/div>\n\t\t<\/section>\n\t\t\t\t<\/div>\n\t\t","protected":false},"excerpt":{"rendered":"<p>Para comprar tu equipaci\u00f3n c\u00f3modamente, introduce tu usuario y contrase\u00f1a. Tambi\u00e9n puedes registrarte desde aqu\u00ed si no tienes una cuenta creada. Bienvenido, ya puedes comprar tu material escolar. COMPRAR<\/p>\n","protected":false},"author":1,"featured_media":0,"parent":0,"menu_order":0,"comment_status":"closed","ping_status":"closed","template":"","meta":{"footnotes":""},"class_list":["post-2005","page","type-page","status-publish","hentry"],"yoast_head":"<!-- This site is optimized with the Yoast SEO plugin v27.4 - https:\/\/yoast.com\/product\/yoast-seo-wordpress\/ -->\n<title>Login - \u25b7 SIGNO Equipaciones Deportivas \/ REUS \/ TARRAGONA<\/title>\n<meta name=\"robots\" content=\"noindex, follow, max-snippet:-1, max-image-preview:large, max-video-preview:-1\" \/>\n<meta property=\"og:locale\" content=\"es_ES\" \/>\n<meta property=\"og:type\" content=\"article\" \/>\n<meta property=\"og:title\" content=\"Login - \u25b7 SIGNO Equipaciones Deportivas \/ REUS \/ TARRAGONA\" \/>\n<meta property=\"og:description\" content=\"Para comprar tu equipaci\u00f3n c\u00f3modamente, introduce tu usuario y contrase\u00f1a. Tambi\u00e9n puedes registrarte desde aqu\u00ed si no tienes una cuenta creada. Bienvenido, ya puedes comprar tu material escolar. COMPRAR\" \/>\n<meta property=\"og:url\" content=\"https:\/\/signo.cat\/equipaciones-deportivas\/login\/\" \/>\n<meta property=\"og:site_name\" content=\"\u25b7 SIGNO Equipaciones Deportivas \/ REUS \/ TARRAGONA\" \/>\n<meta property=\"article:modified_time\" content=\"2026-04-14T10:10:34+00:00\" \/>\n<meta name=\"twitter:card\" content=\"summary_large_image\" \/>\n<meta name=\"twitter:label1\" content=\"Tiempo de lectura\" \/>\n\t<meta name=\"twitter:data1\" content=\"1 minuto\" \/>\n<script type=\"application\/ld+json\" class=\"yoast-schema-graph\">{\"@context\":\"https:\\\/\\\/schema.org\",\"@graph\":[{\"@type\":\"WebPage\",\"@id\":\"https:\\\/\\\/signo.cat\\\/equipaciones-deportivas\\\/login\\\/\",\"url\":\"https:\\\/\\\/signo.cat\\\/equipaciones-deportivas\\\/login\\\/\",\"name\":\"Login - \u25b7 SIGNO Equipaciones Deportivas \\\/ REUS \\\/ TARRAGONA\",\"isPartOf\":{\"@id\":\"https:\\\/\\\/signo.cat\\\/equipaciones-deportivas\\\/#website\"},\"datePublished\":\"2026-02-16T07:29:34+00:00\",\"dateModified\":\"2026-04-14T10:10:34+00:00\",\"breadcrumb\":{\"@id\":\"https:\\\/\\\/signo.cat\\\/equipaciones-deportivas\\\/login\\\/#breadcrumb\"},\"inLanguage\":\"es\",\"potentialAction\":[{\"@type\":\"ReadAction\",\"target\":[\"https:\\\/\\\/signo.cat\\\/equipaciones-deportivas\\\/login\\\/\"]}]},{\"@type\":\"BreadcrumbList\",\"@id\":\"https:\\\/\\\/signo.cat\\\/equipaciones-deportivas\\\/login\\\/#breadcrumb\",\"itemListElement\":[{\"@type\":\"ListItem\",\"position\":1,\"name\":\"Inici\",\"item\":\"https:\\\/\\\/signo.cat\\\/equipaciones-deportivas\\\/\"},{\"@type\":\"ListItem\",\"position\":2,\"name\":\"Login\"}]},{\"@type\":\"WebSite\",\"@id\":\"https:\\\/\\\/signo.cat\\\/equipaciones-deportivas\\\/#website\",\"url\":\"https:\\\/\\\/signo.cat\\\/equipaciones-deportivas\\\/\",\"name\":\"\u25b7 SIGNO Equipaciones Deportivas \\\/ REUS \\\/ TARRAGONA\",\"description\":\"\u2b50 \u25b7 SIGNO Equipaciones Deportivas \\\/ REUS \\\/ TARRAGONA\",\"publisher\":{\"@id\":\"https:\\\/\\\/signo.cat\\\/equipaciones-deportivas\\\/#organization\"},\"potentialAction\":[{\"@type\":\"SearchAction\",\"target\":{\"@type\":\"EntryPoint\",\"urlTemplate\":\"https:\\\/\\\/signo.cat\\\/equipaciones-deportivas\\\/?s={search_term_string}\"},\"query-input\":{\"@type\":\"PropertyValueSpecification\",\"valueRequired\":true,\"valueName\":\"search_term_string\"}}],\"inLanguage\":\"es\"},{\"@type\":\"Organization\",\"@id\":\"https:\\\/\\\/signo.cat\\\/equipaciones-deportivas\\\/#organization\",\"name\":\"\u25b7 SIGNO Equipaciones Deportivas \\\/ REUS \\\/ TARRAGONA\",\"url\":\"https:\\\/\\\/signo.cat\\\/equipaciones-deportivas\\\/\",\"logo\":{\"@type\":\"ImageObject\",\"inLanguage\":\"es\",\"@id\":\"https:\\\/\\\/signo.cat\\\/equipaciones-deportivas\\\/#\\\/schema\\\/logo\\\/image\\\/\",\"url\":\"https:\\\/\\\/signo.cat\\\/equipaciones-deportivas\\\/wp-content\\\/uploads\\\/2022\\\/12\\\/NOVA-SIGNO-3.png\",\"contentUrl\":\"https:\\\/\\\/signo.cat\\\/equipaciones-deportivas\\\/wp-content\\\/uploads\\\/2022\\\/12\\\/NOVA-SIGNO-3.png\",\"width\":300,\"height\":91,\"caption\":\"\u25b7 SIGNO Equipaciones Deportivas \\\/ REUS \\\/ TARRAGONA\"},\"image\":{\"@id\":\"https:\\\/\\\/signo.cat\\\/equipaciones-deportivas\\\/#\\\/schema\\\/logo\\\/image\\\/\"}}]}<\/script>\n<!-- \/ Yoast SEO plugin. -->","yoast_head_json":{"title":"Login - \u25b7 SIGNO Equipaciones Deportivas \/ REUS \/ TARRAGONA","robots":{"index":"noindex","follow":"follow","max-snippet":"max-snippet:-1","max-image-preview":"max-image-preview:large","max-video-preview":"max-video-preview:-1"},"og_locale":"es_ES","og_type":"article","og_title":"Login - \u25b7 SIGNO Equipaciones Deportivas \/ REUS \/ TARRAGONA","og_description":"Para comprar tu equipaci\u00f3n c\u00f3modamente, introduce tu usuario y contrase\u00f1a. Tambi\u00e9n puedes registrarte desde aqu\u00ed si no tienes una cuenta creada. Bienvenido, ya puedes comprar tu material escolar. COMPRAR","og_url":"https:\/\/signo.cat\/equipaciones-deportivas\/login\/","og_site_name":"\u25b7 SIGNO Equipaciones Deportivas \/ REUS \/ TARRAGONA","article_modified_time":"2026-04-14T10:10:34+00:00","twitter_card":"summary_large_image","twitter_misc":{"Tiempo de lectura":"1 minuto"},"schema":{"@context":"https:\/\/schema.org","@graph":[{"@type":"WebPage","@id":"https:\/\/signo.cat\/equipaciones-deportivas\/login\/","url":"https:\/\/signo.cat\/equipaciones-deportivas\/login\/","name":"Login - \u25b7 SIGNO Equipaciones Deportivas \/ REUS \/ TARRAGONA","isPartOf":{"@id":"https:\/\/signo.cat\/equipaciones-deportivas\/#website"},"datePublished":"2026-02-16T07:29:34+00:00","dateModified":"2026-04-14T10:10:34+00:00","breadcrumb":{"@id":"https:\/\/signo.cat\/equipaciones-deportivas\/login\/#breadcrumb"},"inLanguage":"es","potentialAction":[{"@type":"ReadAction","target":["https:\/\/signo.cat\/equipaciones-deportivas\/login\/"]}]},{"@type":"BreadcrumbList","@id":"https:\/\/signo.cat\/equipaciones-deportivas\/login\/#breadcrumb","itemListElement":[{"@type":"ListItem","position":1,"name":"Inici","item":"https:\/\/signo.cat\/equipaciones-deportivas\/"},{"@type":"ListItem","position":2,"name":"Login"}]},{"@type":"WebSite","@id":"https:\/\/signo.cat\/equipaciones-deportivas\/#website","url":"https:\/\/signo.cat\/equipaciones-deportivas\/","name":"\u25b7 SIGNO Equipaciones Deportivas \/ REUS \/ TARRAGONA","description":"\u2b50 \u25b7 SIGNO Equipaciones Deportivas \/ REUS \/ TARRAGONA","publisher":{"@id":"https:\/\/signo.cat\/equipaciones-deportivas\/#organization"},"potentialAction":[{"@type":"SearchAction","target":{"@type":"EntryPoint","urlTemplate":"https:\/\/signo.cat\/equipaciones-deportivas\/?s={search_term_string}"},"query-input":{"@type":"PropertyValueSpecification","valueRequired":true,"valueName":"search_term_string"}}],"inLanguage":"es"},{"@type":"Organization","@id":"https:\/\/signo.cat\/equipaciones-deportivas\/#organization","name":"\u25b7 SIGNO Equipaciones Deportivas \/ REUS \/ TARRAGONA","url":"https:\/\/signo.cat\/equipaciones-deportivas\/","logo":{"@type":"ImageObject","inLanguage":"es","@id":"https:\/\/signo.cat\/equipaciones-deportivas\/#\/schema\/logo\/image\/","url":"https:\/\/signo.cat\/equipaciones-deportivas\/wp-content\/uploads\/2022\/12\/NOVA-SIGNO-3.png","contentUrl":"https:\/\/signo.cat\/equipaciones-deportivas\/wp-content\/uploads\/2022\/12\/NOVA-SIGNO-3.png","width":300,"height":91,"caption":"\u25b7 SIGNO Equipaciones Deportivas \/ REUS \/ TARRAGONA"},"image":{"@id":"https:\/\/signo.cat\/equipaciones-deportivas\/#\/schema\/logo\/image\/"}}]}},"_links":{"self":[{"href":"https:\/\/signo.cat\/equipaciones-deportivas\/wp-json\/wp\/v2\/pages\/2005","targetHints":{"allow":["GET"]}}],"collection":[{"href":"https:\/\/signo.cat\/equipaciones-deportivas\/wp-json\/wp\/v2\/pages"}],"about":[{"href":"https:\/\/signo.cat\/equipaciones-deportivas\/wp-json\/wp\/v2\/types\/page"}],"author":[{"embeddable":true,"href":"https:\/\/signo.cat\/equipaciones-deportivas\/wp-json\/wp\/v2\/users\/1"}],"replies":[{"embeddable":true,"href":"https:\/\/signo.cat\/equipaciones-deportivas\/wp-json\/wp\/v2\/comments?post=2005"}],"version-history":[{"count":113,"href":"https:\/\/signo.cat\/equipaciones-deportivas\/wp-json\/wp\/v2\/pages\/2005\/revisions"}],"predecessor-version":[{"id":3074,"href":"https:\/\/signo.cat\/equipaciones-deportivas\/wp-json\/wp\/v2\/pages\/2005\/revisions\/3074"}],"wp:attachment":[{"href":"https:\/\/signo.cat\/equipaciones-deportivas\/wp-json\/wp\/v2\/media?parent=2005"}],"curies":[{"name":"wp","href":"https:\/\/api.w.org\/{rel}","templated":true}]}}